{"id":882,"date":"2017-10-03T08:14:57","date_gmt":"2017-10-03T08:14:57","guid":{"rendered":"https:\/\/velikorodnov.com\/dev\/owlhouse\/?page_id=882"},"modified":"2026-04-07T17:14:00","modified_gmt":"2026-04-07T17:14:00","slug":"slunicko","status":"publish","type":"page","link":"https:\/\/www.slunickods.cz\/","title":{"rendered":"Slunicko"},"content":{"rendered":"<div class=\"wpb-content-wrapper\"><p>[vc_row][vc_column][rev_slider_vc alias=&#8221;slider1&#8243;][\/vc_column][\/vc_row][vc_row css=&#8221;.vc_custom_1506515745766{margin-top: 0px !important;margin-bottom: 0px !important;padding-top: 0px !important;padding-bottom: 0px !important;}&#8221;][vc_column css=&#8221;.vc_custom_1506515782918{margin-top: -100px !important;}&#8221;][vc_mad_welcome_list values=&#8221;%5B%7B%22image%22%3A%221662%22%2C%22label%22%3A%22SLUN%C3%8D%C4%8CKO%22%2C%22link%22%3A%22url%3Ahttps%253A%252F%252Fwww.slunickods.cz%252F%253Fpage_id%253D38%7Ctitle%3AV%25C3%25ADce%22%2C%22value%22%3A%22D%C4%9Btsk%C3%A1%20skupina%20je%20v%20provozu%20od%20l%C3%A9ta%20r.%202023%2C%20je%20pro%20d%C4%9Bti%20od%201%20roku%20do%206ti%20let%2C%20kapacita%20je%2021%20d%C4%9Bt%C3%AD&#8230;%22%2C%22bg_color%22%3A%22%23ffbd0a%22%2C%22icon%22%3A%22licon-baby-bottle%22%7D%2C%7B%22image%22%3A%22443%22%2C%22label%22%3A%22J%C3%8DDELN%C3%8D%C4%8CEK%22%2C%22link%22%3A%22url%3Ahttps%253A%252F%252Fwww.slunickods.cz%252F%253Fpage_id%253D42%7Ctitle%3AV%25C3%25ADce%22%2C%22value%22%3A%22J%C3%ADdlo%20pro%20n%C3%A1s%20zaji%C5%A1%C5%A5uje%20%5C%22Zdrav%C3%A1%20va%C5%99e%C4%8Dka%5C%22%5CnDost%C3%A1v%C3%A1me%20dopoledn%C3%AD%20sva%C4%8Dinku%2C%20ob%C4%9Bd%20%2C%20odpoledn%C3%AD%20sva%C4%8Dinku%20a%20samoz%C5%99ejm%C4%9B%20cel%C3%BD%20den%20dostate%C4%8Dn%C3%BD%20pitn%C3%BD%20re%C5%BEim.%22%2C%22bg_color%22%3A%22%23a6c437%22%2C%22icon_color%22%3A%22%239bbc31%22%2C%22icon%22%3A%22licon-platter%22%7D%2C%7B%22image%22%3A%221663%22%2C%22label%22%3A%22GALERIE%22%2C%22link%22%3A%22url%3Ahttps%253A%252F%252Fwww.slunickods.cz%252F%253Fpage_id%253D56%7Ctitle%3AV%25C3%25ADce%22%2C%22value%22%3A%22Nezah%C3%A1l%C3%ADme%2C%20v%C3%BDletujeme%2C%20objevujeme%2C%20bav%C3%ADme%20se!%22%2C%22bg_color%22%3A%22%23f05a21%22%2C%22icon_color%22%3A%22%23ee511e%22%2C%22icon%22%3A%22licon-graduation-hat%22%7D%5D&#8221; columns=&#8221;fx-col-3&#8243;][\/vc_column][\/vc_row][vc_row css=&#8221;.vc_custom_1511011361412{padding-top: 90px !important;padding-bottom: 70px !important;}&#8221;][vc_column width=&#8221;2\/3&#8243; offset=&#8221;vc_col-lg-8 vc_col-md-12 vc_col-xs-12&#8243;][vc_column_text css=&#8221;.vc_custom_1723460786395{margin-bottom: 25px !important;padding-bottom: 0px !important;}&#8221;]<\/p>\n<h2>D\u011btsk\u00e1 skupina Slun\u00ed\u010dko<\/h2>\n<p>[\/vc_column_text][vc_column_text css=&#8221;.vc_custom_1775581896612{margin-bottom: 50px !important;padding-bottom: 0px !important;}&#8221;]Na\u0161e Slun\u00ed\u010dko sv\u00edt\u00ed trochu jinak&#8230;<\/p>\n<ul>\n<li>u\u010d\u00edme se pozn\u00e1vat dom\u00e1c\u00ed zv\u00ed\u0159\u00e1tka a jejich hlasy nejen z obr\u00e1zk\u016f<\/li>\n<li>u\u010d\u00edme se b\u00e1sni\u010dky a p\u00edsni\u010dky za doprovodu vlastn\u00edho hran\u00ed na hudebn\u00ed n\u00e1stroje<\/li>\n<li>u\u010d\u00edme se sly\u0161et hudbu, pozn\u00e1vat t\u00f3ny i jejich rytmus<\/li>\n<li>u\u010d\u00edme se d\u011blat kotouly a v\u00e1let sudy tak, abychom si neubl\u00ed\u017eili<\/li>\n<li>malujeme v\u0161echno co vid\u00edme<\/li>\n<\/ul>\n<p>P\u0158IJ\u010eTE SE K N\u00c1M P\u0158IDAT! T\u011a\u0160\u00cdME SE NA V\u00c1S!<\/p>\n<p><a href=\"https:\/\/www.slunickods.cz\/?page_id=38\"><span style=\"color: #a6c437;\">V\u00cdCE O N\u00c1S&#8230;<\/span><\/a>[\/vc_column_text][\/vc_column][vc_column width=&#8221;1\/3&#8243; offset=&#8221;vc_col-lg-4 vc_col-md-12 vc_col-xs-12&#8243;][vc_mad_events_list items=&#8221;3&#8243; title=&#8221;Kalend\u00e1\u0159 akc\u00ed&#8221; link=&#8221;url:https%3A%2F%2Fwww.slunickods.cz%2Fevents|title:Kompletn%C3%AD%20kalend%C3%A1%C5%99|target:_blank&#8221;][\/vc_column][\/vc_row][vc_row full_width=&#8221;stretch_row&#8221; parallax=&#8221;content-moving&#8221; parallax_image=&#8221;415&#8243; css=&#8221;.vc_custom_1528102747667{padding-top: 90px !important;padding-bottom: 70px !important;}&#8221;][vc_column][vc_mad_info_block tag_title=&#8221;h2&#8243; title_align=&#8221;align-center&#8221; description_align=&#8221;align-center&#8221; columns=&#8221;3&#8243; font_container_title=&#8221;tag:h2|text_align:left|color:%23ffffff&#8221; font_container_description=&#8221;text_align:center|color:%23ffffff&#8221; title=&#8221;D\u011btsk\u00e1 skupina SLUN\u00cd\u010cKO&#8221; description=&#8221;Na\u0161e Slun\u00ed\u010dko sv\u00edt\u00ed trochu jinak:-))<br \/>\nP\u0159ij\u010fte se k n\u00e1m o tom p\u0159esv\u011bd\u010dit&#8230; t\u0159eba na zkou\u0161ku!&#8221; title_color=&#8221;#ffffff&#8221; description_color=&#8221;#ffffff&#8221;][vc_mad_info_block_item icon=&#8221;licon-earth&#8221; title=&#8221;OBJEVUJEME&#8221; icon_color=&#8221;#ffffff&#8221; title_item_color=&#8221;#ffffff&#8221;][\/vc_mad_info_block_item][vc_mad_info_block_item icon=&#8221;licon-music-note3&#8243; title=&#8221;ZP\u00cdV\u00c1ME&#8221; icon_color=&#8221;#ffffff&#8221; title_item_color=&#8221;#ffffff&#8221;][\/vc_mad_info_block_item][vc_mad_info_block_item icon=&#8221;licon-spotlights&#8221; title=&#8221;U\u010c\u00cdME SE&#8221; icon_color=&#8221;#ffffff&#8221; title_item_color=&#8221;#ffffff&#8221;][\/vc_mad_info_block_item][\/vc_mad_info_block][vc_mad_info_block tag_title=&#8221;h2&#8243; columns=&#8221;3&#8243; title_color=&#8221;#ffffff&#8221; description_color=&#8221;#ffffff&#8221;][vc_mad_info_block_item icon=&#8221;licon-brush&#8221; title=&#8221;MALUJEME&#8221; icon_color=&#8221;#ffffff&#8221; title_item_color=&#8221;#ffffff&#8221;][\/vc_mad_info_block_item][vc_mad_info_block_item icon=&#8221;licon-tennis&#8221; title=&#8221;SPORTUJEME&#8221; icon_color=&#8221;#ffffff&#8221; title_item_color=&#8221;#ffffff&#8221;][\/vc_mad_info_block_item][vc_mad_info_block_item icon=&#8221;licon-theater&#8221; title=&#8221;BAV\u00cdME SE&#8221; icon_color=&#8221;#ffffff&#8221; title_item_color=&#8221;#ffffff&#8221;][\/vc_mad_info_block_item][\/vc_mad_info_block][\/vc_column][\/vc_row][vc_row full_width=&#8221;stretch_row_content_no_spaces&#8221; css=&#8221;.vc_custom_1728534940729{margin-top: 0px !important;padding-top: 0px !important;}&#8221;][vc_column width=&#8221;1\/2&#8243;][vc_single_image image=&#8221;1670&#8243; img_size=&#8221;full&#8221; css=&#8221;.vc_custom_1728534872864{margin-top: 0px !important;margin-bottom: 0px !important;padding-top: 0px !important;padding-bottom: 0px !important;}&#8221;][\/vc_column][vc_column width=&#8221;1\/2&#8243; css=&#8221;.vc_custom_1506585943636{padding-top: 70px !important;}&#8221;][vc_mad_testimonials tag_title=&#8221;h2&#8243; title_align=&#8221;align-center&#8221; layout=&#8221;type-4&#8243; autoplay=&#8221;yes&#8221; autoplaytimeout=&#8221;5000&#8243; items=&#8221;3&#8243; title=&#8221;N\u00e1zory a pod\u011bkov\u00e1n\u00ed rodi\u010d\u016f&#8221; title_color=&#8221;#666666&#8243; description_color=&#8221;#666666&#8243; text_color=&#8221;#666666&#8243; company_color=&#8221;#666666&#8243;][\/vc_column][\/vc_row][vc_row full_width=&#8221;stretch_row&#8221; css=&#8221;.vc_custom_1728535134906{margin-top: -25px !important;padding-top: 50px !important;padding-bottom: 50px !important;background-color: rgba(255,189,10,0.75) !important;*background-color: rgb(255,189,10) !important;}&#8221;][vc_column][vc_mad_cta h2=&#8221;Z\u00c1PISY D\u011aT\u00cd PRO RO\u010cN\u00cdK 2026-2027&#8243; p=&#8221;Na\u0161e mal\u00e1 slun\u00ed\u010dka se t\u011b\u0161\u00ed na nov\u00e9 kamar\u00e1dy&#8230;&#8221; add=&#8221;button&#8221; add_second_button=&#8221;1&#8243; custom_text=&#8221;#666666&#8243; subheading_text=&#8221;#666666&#8243; link=&#8221;url:https%3A%2F%2Fwww.slunickods.cz%2Fwp-content%2Fuploads%2F2025%2F08%2FDS-SLUNICKO-INZERAT-prijem-deti-2025.jpg|title:V%C3%8DCE%20INFORMAC%C3%8D&#8221; custom_button_color=&#8221;#ffffff&#8221; second_link=&#8221;736 473 320&#8243; second_link_title=&#8221;nebo volejte&#8221;][\/vc_column][\/vc_row][vc_row full_width=&#8221;stretch_row&#8221; css=&#8221;.vc_custom_1506586626297{margin-top: 0px !important;margin-bottom: 0px !important;padding-top: 90px !important;padding-bottom: 90px !important;background-color: #f6f6f6 !important;}&#8221;][vc_column][vc_mad_blog_posts title_align=&#8221;align-center&#8221; layout=&#8221;sp-type-1&#8243; columns=&#8221;3&#8243; items=&#8221;3&#8243; title=&#8221;Novinky a aktuality&#8221; custom_links=&#8221;url:https%3A%2F%2Fwww.slunickods.cz%2F%3Fpage_id%3D62|title:Zobrazit%20blog&#8221; title_color=&#8221;#666666&#8243;][\/vc_column][\/vc_row]<\/p>\n<\/div>","protected":false},"excerpt":{"rendered":"<p>[vc_row][vc_column][rev_slider_vc alias=&#8221;slider1&#8243;][\/vc_column][\/vc_row][vc_row css=&#8221;.vc_custom_1506515745766{margin-top: 0px !important;margin-bottom: 0px !important;padding-top: 0px !important;padding-bottom: 0px !important;}&#8221;][vc_column css=&#8221;.vc_custom_1506515782918{margin-top: -100px !important;}&#8221;][vc_mad_welcome_list values=&#8221;%5B%7B%22image%22%3A%221662%22%2C%22label%22%3A%22SLUN%C3%8D%C4%8CKO%22%2C%22link%22%3A%22url%3Ahttps%253A%252F%252Fwww.slunickods.cz%252F%253Fpage_id%253D38%7Ctitle%3AV%25C3%25ADce%22%2C%22value%22%3A%22D%C4%9Btsk%C3%A1%20skupina%20je%20v%20provozu%20od%20l%C3%A9ta%20r.%202023%2C%20je%20pro%20d%C4%9Bti%20od%201%20roku%20do%206ti%20let%2C%20kapacita%20je%2021%20d%C4%9Bt%C3%AD&#8230;%22%2C%22bg_color%22%3A%22%23ffbd0a%22%2C%22icon%22%3A%22licon-baby-bottle%22%7D%2C%7B%22image%22%3A%22443%22%2C%22label%22%3A%22J%C3%8DDELN%C3%8D%C4%8CEK%22%2C%22link%22%3A%22url%3Ahttps%253A%252F%252Fwww.slunickods.cz%252F%253Fpage_id%253D42%7Ctitle%3AV%25C3%25ADce%22%2C%22value%22%3A%22J%C3%ADdlo%20pro%20n%C3%A1s%20zaji%C5%A1%C5%A5uje%20%5C%22Zdrav%C3%A1%20va%C5%99e%C4%8Dka%5C%22%5CnDost%C3%A1v%C3%A1me%20dopoledn%C3%AD%20sva%C4%8Dinku%2C%20ob%C4%9Bd%20%2C%20odpoledn%C3%AD%20sva%C4%8Dinku%20a%20samoz%C5%99ejm%C4%9B%20cel%C3%BD%20den%20dostate%C4%8Dn%C3%BD%20pitn%C3%BD%20re%C5%BEim.%22%2C%22bg_color%22%3A%22%23a6c437%22%2C%22icon_color%22%3A%22%239bbc31%22%2C%22icon%22%3A%22licon-platter%22%7D%2C%7B%22image%22%3A%221663%22%2C%22label%22%3A%22GALERIE%22%2C%22link%22%3A%22url%3Ahttps%253A%252F%252Fwww.slunickods.cz%252F%253Fpage_id%253D56%7Ctitle%3AV%25C3%25ADce%22%2C%22value%22%3A%22Nezah%C3%A1l%C3%ADme%2C%20v%C3%BDletujeme%2C%20objevujeme%2C%20bav%C3%ADme%20se!%22%2C%22bg_color%22%3A%22%23f05a21%22%2C%22icon_color%22%3A%22%23ee511e%22%2C%22icon%22%3A%22licon-graduation-hat%22%7D%5D&#8221; columns=&#8221;fx-col-3&#8243;][\/vc_column][\/vc_row][vc_row css=&#8221;.vc_custom_1511011361412{padding-top: 90px !important;padding-bottom: 70px !important;}&#8221;][vc_column width=&#8221;2\/3&#8243; offset=&#8221;vc_col-lg-8 vc_col-md-12 vc_col-xs-12&#8243;][vc_column_text css=&#8221;.vc_custom_1723460786395{margin-bottom: 25px !important;padding-bottom: 0px !important;}&#8221;] [&hellip;]<\/p>\n","protected":false},"author":1,"featured_media":0,"parent":0,"menu_order":0,"comment_status":"closed","ping_status":"closed","template":"","meta":{"footnotes":""},"class_list":["post-882","page","type-page","status-publish","hentry"],"_links":{"self":[{"href":"https:\/\/www.slunickods.cz\/index.php?rest_route=\/wp\/v2\/pages\/882","targetHints":{"allow":["GET"]}}],"collection":[{"href":"https:\/\/www.slunickods.cz\/index.php?rest_route=\/wp\/v2\/pages"}],"about":[{"href":"https:\/\/www.slunickods.cz\/index.php?rest_route=\/wp\/v2\/types\/page"}],"author":[{"embeddable":true,"href":"https:\/\/www.slunickods.cz\/index.php?rest_route=\/wp\/v2\/users\/1"}],"replies":[{"embeddable":true,"href":"https:\/\/www.slunickods.cz\/index.php?rest_route=%2Fwp%2Fv2%2Fcomments&post=882"}],"version-history":[{"count":35,"href":"https:\/\/www.slunickods.cz\/index.php?rest_route=\/wp\/v2\/pages\/882\/revisions"}],"predecessor-version":[{"id":1897,"href":"https:\/\/www.slunickods.cz\/index.php?rest_route=\/wp\/v2\/pages\/882\/revisions\/1897"}],"wp:attachment":[{"href":"https:\/\/www.slunickods.cz\/index.php?rest_route=%2Fwp%2Fv2%2Fmedia&parent=882"}],"curies":[{"name":"wp","href":"https:\/\/api.w.org\/{rel}","templated":true}]}}