{"id":1479,"date":"2024-08-12T10:40:50","date_gmt":"2024-08-12T10:40:50","guid":{"rendered":"https:\/\/www.slunickods.cz\/?page_id=1479"},"modified":"2024-09-16T20:55:30","modified_gmt":"2024-09-16T20:55:30","slug":"gdpr","status":"publish","type":"page","link":"https:\/\/www.slunickods.cz\/?page_id=1479","title":{"rendered":"GDPR"},"content":{"rendered":"<div class=\"wpb-content-wrapper\"><p>[vc_row][vc_column width=&#8221;1\/3&#8243;][vc_single_image image=&#8221;1481&#8243; img_size=&#8221;full&#8221; alignment=&#8221;center&#8221; css=&#8221;&#8221;][\/vc_column][vc_column width=&#8221;2\/3&#8243;][vc_custom_heading text=&#8221;GDPR&#8221; font_container=&#8221;tag:h5|text_align:left&#8221;][vc_column_text]V\u00e1\u017een\u00ed rodi\u010de,<\/p>\n<p>&nbsp;<\/p>\n<p>cht\u011bli bychom V\u00e1s proto poprosit o ud\u011blen\u00ed souhlasu s\u00a0po\u0159\u00edzen\u00edm fotek pro pot\u0159eby propagace \u0161kolky (web, facebookov\u00e9 str\u00e1nky).<\/p>\n<p>Po\u0159\u00edzenou fotodokumentaci nep\u0159ed\u00e1v\u00e1me t\u0159et\u00edm osob\u00e1m. P\u0159\u00edstup m\u00e1 veden\u00ed D\u011btsk\u00e9 skupiny Slun\u00ed\u010dko.<\/p>\n<p>V\u00a0p\u0159\u00edpad\u011b, \u017ee bychom nedopat\u0159en\u00edm uve\u0159ejnili n\u011bkterou fotku, na kter\u00e9 se pozn\u00e1te, informujte n\u00e1s o tom pros\u00edm a my ji neprodlen\u011b st\u00e1hneme.<\/p>\n<p>&nbsp;<\/p>\n<p>D\u011bkujeme[\/vc_column_text][vc_btn title=&#8221;ST\u00c1HNOUT&#8221; style=&#8221;gradient&#8221; gradient_color_1=&#8221;orange&#8221; gradient_color_2=&#8221;pink&#8221; shape=&#8221;round&#8221; size=&#8221;sm&#8221; align=&#8221;center&#8221; i_icon_fontawesome=&#8221;fas fa-download&#8221; css=&#8221;&#8221; add_icon=&#8221;true&#8221; link=&#8221;url:https%3A%2F%2Fwww.slunickods.cz%2Fwp-content%2Fuploads%2F2024%2F08%2FSouhlas-s-porizenim-fotografii-kopie.docx|title:St%C3%A1hnout%20soubor&#8221;][\/vc_column][\/vc_row]<\/p>\n<\/div>","protected":false},"excerpt":{"rendered":"<p>[vc_row][vc_column width=&#8221;1\/3&#8243;][vc_single_image image=&#8221;1481&#8243; img_size=&#8221;full&#8221; alignment=&#8221;center&#8221; css=&#8221;&#8221;][\/vc_column][vc_column width=&#8221;2\/3&#8243;][vc_custom_heading text=&#8221;GDPR&#8221; font_container=&#8221;tag:h5|text_align:left&#8221;][vc_column_text]V\u00e1\u017een\u00ed rodi\u010de, &nbsp; cht\u011bli bychom V\u00e1s proto poprosit o ud\u011blen\u00ed souhlasu s\u00a0po\u0159\u00edzen\u00edm fotek pro pot\u0159eby propagace \u0161kolky (web, facebookov\u00e9 str\u00e1nky). Po\u0159\u00edzenou fotodokumentaci [&hellip;]<\/p>\n","protected":false},"author":1,"featured_media":0,"parent":0,"menu_order":0,"comment_status":"closed","ping_status":"closed","template":"","meta":{"footnotes":""},"class_list":["post-1479","page","type-page","status-publish","hentry"],"_links":{"self":[{"href":"https:\/\/www.slunickods.cz\/index.php?rest_route=\/wp\/v2\/pages\/1479","targetHints":{"allow":["GET"]}}],"collection":[{"href":"https:\/\/www.slunickods.cz\/index.php?rest_route=\/wp\/v2\/pages"}],"about":[{"href":"https:\/\/www.slunickods.cz\/index.php?rest_route=\/wp\/v2\/types\/page"}],"author":[{"embeddable":true,"href":"https:\/\/www.slunickods.cz\/index.php?rest_route=\/wp\/v2\/users\/1"}],"replies":[{"embeddable":true,"href":"https:\/\/www.slunickods.cz\/index.php?rest_route=%2Fwp%2Fv2%2Fcomments&post=1479"}],"version-history":[{"count":2,"href":"https:\/\/www.slunickods.cz\/index.php?rest_route=\/wp\/v2\/pages\/1479\/revisions"}],"predecessor-version":[{"id":1480,"href":"https:\/\/www.slunickods.cz\/index.php?rest_route=\/wp\/v2\/pages\/1479\/revisions\/1480"}],"wp:attachment":[{"href":"https:\/\/www.slunickods.cz\/index.php?rest_route=%2Fwp%2Fv2%2Fmedia&parent=1479"}],"curies":[{"name":"wp","href":"https:\/\/api.w.org\/{rel}","templated":true}]}}